{"id":2502,"date":"2018-11-05T22:25:36","date_gmt":"2018-11-05T22:25:36","guid":{"rendered":"http:\/\/nps-tech.com\/?page_id=2502"},"modified":"2021-06-28T11:16:40","modified_gmt":"2021-06-28T16:16:40","slug":"registered-isnetworld-contractor","status":"publish","type":"page","link":"https:\/\/www.nps-tech.com\/es\/registered-isnetworld-contractor\/","title":{"rendered":"Miembro contratista de ISNetworld"},"content":{"rendered":"<div style='width:300px; text-align:center;'> <a href='http:\/\/www.isnetworld.com'> <img alt='ISN Contractor Safety Management' src='http:\/\/www.isnetworld.com\/images\/memberCeLogo_small.png' \/> <\/a><\/div>\n<p><\/p>\n<hr>\n<p><\/p>\n<p><strong>We are pleased to announce that N.P.S. Inc.  is an active member of ISNetworld. <\/strong><\/p>\n<p><\/p>\n<p>Established in 2001, ISN\u00ae is the global leader in contractor and supplier management. Leading companies around the world require the ISNetworld safety compliance system for their automation projects. ISNetworld helps connect safe, qualified contractors and suppliers with hiring clients around the globe, facilitating partnerships to help ensure safer job sites. ISNetworld collects and maintains self-reported information such as insurance documents, safety programs, and incident rates.<\/p>\n<p><\/p>","protected":false},"excerpt":{"rendered":"<p>Nos complace anunciar que NPS Inc. es un miembro activo de ISNetworld. Hemos centralizado nuestros datos de cumplimiento dentro de ISNetworld y optimizado nuestro proceso de informes. Establecido en 2001, ISN\u00ae es el l\u00edder mundial en la gesti\u00f3n de contratistas y proveedores. Las empresas l\u00edderes de todo el mundo requieren el sistema de cumplimiento de seguridad ISNetworld para sus proyectos de automatizaci\u00f3n.<\/p>","protected":false},"author":1,"featured_media":3373,"parent":0,"menu_order":0,"comment_status":"closed","ping_status":"closed","template":"","meta":{"footnotes":""},"class_list":["post-2502","page","type-page","status-publish","has-post-thumbnail","hentry"],"_links":{"self":[{"href":"https:\/\/www.nps-tech.com\/es\/wp-json\/wp\/v2\/pages\/2502","targetHints":{"allow":["GET"]}}],"collection":[{"href":"https:\/\/www.nps-tech.com\/es\/wp-json\/wp\/v2\/pages"}],"about":[{"href":"https:\/\/www.nps-tech.com\/es\/wp-json\/wp\/v2\/types\/page"}],"author":[{"embeddable":true,"href":"https:\/\/www.nps-tech.com\/es\/wp-json\/wp\/v2\/users\/1"}],"replies":[{"embeddable":true,"href":"https:\/\/www.nps-tech.com\/es\/wp-json\/wp\/v2\/comments?post=2502"}],"version-history":[{"count":17,"href":"https:\/\/www.nps-tech.com\/es\/wp-json\/wp\/v2\/pages\/2502\/revisions"}],"predecessor-version":[{"id":3378,"href":"https:\/\/www.nps-tech.com\/es\/wp-json\/wp\/v2\/pages\/2502\/revisions\/3378"}],"wp:featuredmedia":[{"embeddable":true,"href":"https:\/\/www.nps-tech.com\/es\/wp-json\/wp\/v2\/media\/3373"}],"wp:attachment":[{"href":"https:\/\/www.nps-tech.com\/es\/wp-json\/wp\/v2\/media?parent=2502"}],"curies":[{"name":"wp","href":"https:\/\/api.w.org\/{rel}","templated":true}]}}