{"id":22,"date":"2016-02-12T08:11:05","date_gmt":"2016-02-12T08:11:05","guid":{"rendered":"http:\/\/demos.famethemes.com\/onepress\/?page_id=22"},"modified":"2021-06-28T10:41:41","modified_gmt":"2021-06-28T15:41:41","slug":"our-vision","status":"publish","type":"page","link":"https:\/\/www.nps-tech.com\/es\/our-vision\/","title":{"rendered":"Nuestro Scorecard"},"content":{"rendered":"<p>Perhaps the most unique NPS offering is<em><strong> our experience<\/strong><\/em>. Our senior experts have worked as Technical Managers of rolling mills responsible for actually delivering production, so we understand the most crucial job of a plant is to <em><strong>MAKE STEEL.<\/strong><\/em> As such, <em><strong>NPS projects focus on production by looking to improve the reliability, productivity, and yield of plant equipment and processes while considering downtime, implementation costs, and ROI<\/strong><\/em>. Almost nothing can improve without stopping for changes, but NPS specializes in &#8220;Micro-Stoppages&#8221;; we measure these in hours and days, not weeks and months, so plants reap improvements without significant delays in customer delivery.<\/p>\n<figure id=\"attachment_2938\" aria-describedby=\"caption-attachment-2938\" style=\"width: 1442px\" class=\"wp-caption aligncenter\"><a href=\"https:\/\/nps-tech.com\/wp-content\/uploads\/2021\/01\/Scorecard2021-1.png\"><img loading=\"lazy\" decoding=\"async\" class=\"wp-image-2938 size-full\" src=\"https:\/\/nps-tech.com\/wp-content\/uploads\/2021\/01\/Scorecard2021-1.png\" alt=\"\" width=\"1442\" height=\"645\" srcset=\"https:\/\/www.nps-tech.com\/wp-content\/uploads\/2021\/01\/Scorecard2021-1.png 1442w, https:\/\/www.nps-tech.com\/wp-content\/uploads\/2021\/01\/Scorecard2021-1-300x134.png 300w, https:\/\/www.nps-tech.com\/wp-content\/uploads\/2021\/01\/Scorecard2021-1-1024x458.png 1024w, https:\/\/www.nps-tech.com\/wp-content\/uploads\/2021\/01\/Scorecard2021-1-768x344.png 768w\" sizes=\"auto, (max-width: 1442px) 100vw, 1442px\" \/><\/a><figcaption id=\"caption-attachment-2938\" class=\"wp-caption-text\">NPS SCORECARD<\/figcaption><\/figure>","protected":false},"excerpt":{"rendered":"<p>Quiz\u00e1s la oferta m\u00e1s exclusiva de NPS es una vasta experiencia. Nuestros expertos senior han trabajado como Gerentes T\u00e9cnicos de laminadores responsables de entregar la producci\u00f3n, por lo que entendemos que el trabajo m\u00e1s crucial de una planta es FABRICAR ACERO. Como tal, los proyectos de NPS se enfocan en la producci\u00f3n, buscando mejorar la confiabilidad, productividad y rendimiento de los equipos y procesos de la planta teniendo en cuenta el tiempo de inactividad, los costos de implementaci\u00f3n y el ROI.<\/p>","protected":false},"author":2,"featured_media":3370,"parent":0,"menu_order":0,"comment_status":"closed","ping_status":"closed","template":"","meta":{"footnotes":""},"class_list":["post-22","page","type-page","status-publish","has-post-thumbnail","hentry"],"_links":{"self":[{"href":"https:\/\/www.nps-tech.com\/es\/wp-json\/wp\/v2\/pages\/22","targetHints":{"allow":["GET"]}}],"collection":[{"href":"https:\/\/www.nps-tech.com\/es\/wp-json\/wp\/v2\/pages"}],"about":[{"href":"https:\/\/www.nps-tech.com\/es\/wp-json\/wp\/v2\/types\/page"}],"author":[{"embeddable":true,"href":"https:\/\/www.nps-tech.com\/es\/wp-json\/wp\/v2\/users\/2"}],"replies":[{"embeddable":true,"href":"https:\/\/www.nps-tech.com\/es\/wp-json\/wp\/v2\/comments?post=22"}],"version-history":[{"count":4,"href":"https:\/\/www.nps-tech.com\/es\/wp-json\/wp\/v2\/pages\/22\/revisions"}],"predecessor-version":[{"id":3216,"href":"https:\/\/www.nps-tech.com\/es\/wp-json\/wp\/v2\/pages\/22\/revisions\/3216"}],"wp:featuredmedia":[{"embeddable":true,"href":"https:\/\/www.nps-tech.com\/es\/wp-json\/wp\/v2\/media\/3370"}],"wp:attachment":[{"href":"https:\/\/www.nps-tech.com\/es\/wp-json\/wp\/v2\/media?parent=22"}],"curies":[{"name":"wp","href":"https:\/\/api.w.org\/{rel}","templated":true}]}}